{"id":1549,"date":"2023-04-03T13:09:03","date_gmt":"2023-04-03T10:09:03","guid":{"rendered":"https:\/\/works.pendigital.com\/kurtsan-main\/?page_id=1549"},"modified":"2024-05-15T16:47:40","modified_gmt":"2024-05-15T13:47:40","slug":"kuresel-operasyonlar","status":"publish","type":"page","link":"https:\/\/www.kurtsan.com\/tr\/hakkimizda\/kuresel-operasyonlar\/","title":{"rendered":"K\u00fcresel Operasyonlar"},"content":{"rendered":"\n<p>Kurtsan; Ortado\u011fu, Do\u011fu Avrupa, Kuzey Amerika, Kuzey Afrika, Kafkasya ve Do\u011fu Asya&#8217;da yakla\u015f\u0131k 25 \u00fclke ve 6 b\u00f6lgede \u00fcr\u00fcn sat\u0131\u015f\u0131 yapmaktad\u0131r. Kurtsan\u2019\u0131n d\u00fcnya \u00e7ap\u0131nda 50.000&#8217;den fazla sat\u0131\u015f kanal\u0131na yay\u0131lan 3 \u015firkette yerel ve k\u00fcresel olarak eczane, ki\u015fisel bak\u0131m ve g\u00fczellik ma\u011fazas\u0131, yerel zincir pazarlar\u0131, toptan sat\u0131\u015f, indirim pazarlar\u0131, e-ticaret ve mobil uygulamalardan olu\u015fan 6 farkl\u0131 kategorisi mevcuttur.<\/p>\n\n\n\n<p>Kurtsan, markalar\u0131n\u0131n yan\u0131 s\u0131ra fason \u00fcretim yoluyla da d\u00fcnya \u00e7ap\u0131nda faaliyet g\u00f6stermektedir. Kurtsan; Otac\u0131, Roll, Savage&amp;Herbs, OTA ve Naturway&#8217;i 20&#8217;den fazla \u00fclkede da\u011f\u0131tmakta olup bunun d\u0131\u015f\u0131nda 10 \u00fclke ve 10 partnere fason \u00fcretim imk\u00e2n\u0131 sunmaktad\u0131r.<\/p>\n\n\n\n<div class=\"wp-block-pendigital-mini-title pdMiniTitle\">4.1.\tAnahtar Teslim Private Label Hizmetleri <\/div>\n\n\n\n<figure class=\"wp-block-image size-full d-none d-sm-inline\"><img decoding=\"async\" src=\"https:\/\/www.kurtsan.com\/wp-content\/uploads\/2024\/05\/kurtsan-surec-grafigi-turkce.svg\" alt=\"\" class=\"wp-image-1800\"\/><\/figure>\n\n\n\n<div class=\"wp-block-pendigital-space-mini pdSpaceBreakMini\"><\/div>\n\n\n\n<div class=\"wp-block-columns is-layout-flex wp-container-core-columns-is-layout-9d6595d7 wp-block-columns-is-layout-flex\">\n<div class=\"wp-block-column is-layout-flow wp-block-column-is-layout-flow\">\n<div class=\"wp-block-pendigital-mini-title pdMiniTitle\">Sa\u00e7 ve V\u00fccut Bak\u0131m\u0131<\/div>\n\n\n\n<div class=\"wp-block-columns are-vertically-aligned-center is-not-stacked-on-mobile is-layout-flex wp-container-core-columns-is-layout-9d6595d7 wp-block-columns-is-layout-flex\">\n<div class=\"wp-block-column is-vertically-aligned-center is-layout-flow wp-block-column-is-layout-flow\">\n<div class=\"wp-block-pendigital-capacity-content pdCapacityContent\"><div class=\"title\"><span>\u015eampuan<\/span><\/div><div class=\"icon\"><img loading=\"lazy\" decoding=\"async\" src=\"https:\/\/works.pendigital.com\/kurtsan-main\/wp-content\/themes\/kurtsan-main\/assets\/imgs\/global-operations-icons\/sampuan.svg\" width=\"24\" height=\"24\"\/><\/div><div class=\"text\"><span>Y\u0131ll\u0131k Kapasite<\/span><\/div><div class=\"count\"><span>448.800 adet<\/span><\/div><\/div>\n<\/div>\n\n\n\n<div class=\"wp-block-column is-vertically-aligned-center is-layout-flow wp-block-column-is-layout-flow\">\n<div class=\"wp-block-pendigital-capacity-content pdCapacityContent\"><div class=\"title\"><span>Sabunlar<\/span><\/div><div class=\"icon\"><img loading=\"lazy\" decoding=\"async\" src=\"https:\/\/works.pendigital.com\/kurtsan-main\/wp-content\/themes\/kurtsan-main\/assets\/imgs\/global-operations-icons\/sabun.svg\" width=\"24\" height=\"24\"\/><\/div><div class=\"text\"><span>Y\u0131ll\u0131k Kapasite<\/span><\/div><div class=\"count\"><span>1.122.000 adet<\/span><\/div><\/div>\n<\/div>\n<\/div>\n\n\n\n<div class=\"wp-block-pendigital-space-mini pdSpaceBreakMini\"><\/div>\n\n\n\n<div class=\"wp-block-columns is-not-stacked-on-mobile is-layout-flex wp-container-core-columns-is-layout-9d6595d7 wp-block-columns-is-layout-flex\">\n<div class=\"wp-block-column is-layout-flow wp-block-column-is-layout-flow\">\n<div class=\"wp-block-pendigital-capacity-content pdCapacityContent\"><div class=\"title\"><span>Ya\u011f Bazl\u0131 \u00dcr\u00fcnler<\/span><\/div><div class=\"icon\"><img loading=\"lazy\" decoding=\"async\" src=\"https:\/\/works.pendigital.com\/kurtsan-main\/wp-content\/themes\/kurtsan-main\/assets\/imgs\/global-operations-icons\/likit.svg\" width=\"24\" height=\"24\"\/><\/div><div class=\"text\"><span>Y\u0131ll\u0131k Kapasite<\/span><\/div><div class=\"count\"><span>158.080 adet<\/span><\/div><\/div>\n<\/div>\n\n\n\n<div class=\"wp-block-column is-layout-flow wp-block-column-is-layout-flow\">\n<div class=\"wp-block-pendigital-capacity-content pdCapacityContent\"><div class=\"title\"><span>Krem Bazl\u0131 \u00dcr\u00fcnler<\/span><\/div><div class=\"icon\"><img loading=\"lazy\" decoding=\"async\" src=\"https:\/\/works.pendigital.com\/kurtsan-main\/wp-content\/themes\/kurtsan-main\/assets\/imgs\/global-operations-icons\/krem-grubu.svg\" width=\"24\" height=\"24\"\/><\/div><div class=\"text\"><span>Y\u0131ll\u0131k Kapasite<\/span><\/div><div class=\"count\"><span>157.080 adet<\/span><\/div><\/div>\n<\/div>\n<\/div>\n\n\n\n<div class=\"wp-block-pendigital-space-mini pdSpaceBreakMini\"><\/div>\n<\/div>\n\n\n\n<div class=\"wp-block-column is-layout-flow wp-block-column-is-layout-flow\">\n<div class=\"wp-block-pendigital-mini-title pdMiniTitle\">Cilt bak\u0131m\u0131<\/div>\n\n\n\n<div class=\"wp-block-columns are-vertically-aligned-center is-not-stacked-on-mobile is-layout-flex wp-container-core-columns-is-layout-9d6595d7 wp-block-columns-is-layout-flex\">\n<div class=\"wp-block-column is-vertically-aligned-center is-layout-flow wp-block-column-is-layout-flow\">\n<div class=\"wp-block-pendigital-capacity-content pdCapacityContent\"><div class=\"title\"><span>Toner<\/span><\/div><div class=\"icon\"><img loading=\"lazy\" decoding=\"async\" src=\"https:\/\/works.pendigital.com\/kurtsan-main\/wp-content\/themes\/kurtsan-main\/assets\/imgs\/global-operations-icons\/biyosidal.svg\" width=\"24\" height=\"24\"\/><\/div><div class=\"text\"><span>Y\u0131ll\u0131k Kapasite<\/span><\/div><div class=\"count\"><span>673.200 adet<\/span><\/div><\/div>\n<\/div>\n\n\n\n<div class=\"wp-block-column is-vertically-aligned-center is-layout-flow wp-block-column-is-layout-flow\">\n<div class=\"wp-block-pendigital-capacity-content pdCapacityContent\"><div class=\"title\"><span>K\u00f6p\u00fck Bazl\u0131 \u00dcr\u00fcnler<\/span><\/div><div class=\"icon\"><img loading=\"lazy\" decoding=\"async\" src=\"https:\/\/works.pendigital.com\/kurtsan-main\/wp-content\/themes\/kurtsan-main\/assets\/imgs\/global-operations-icons\/krem-grubu.svg\" width=\"24\" height=\"24\"\/><\/div><div class=\"text\"><span>Y\u0131ll\u0131k Kapasite<\/span><\/div><div class=\"count\"><span>561.000 adet<\/span><\/div><\/div>\n<\/div>\n<\/div>\n\n\n\n<div class=\"wp-block-pendigital-space-mini pdSpaceBreakMini\"><\/div>\n\n\n\n<div class=\"wp-block-columns are-vertically-aligned-center is-not-stacked-on-mobile is-layout-flex wp-container-core-columns-is-layout-9d6595d7 wp-block-columns-is-layout-flex\">\n<div class=\"wp-block-column is-vertically-aligned-center is-layout-flow wp-block-column-is-layout-flow\">\n<div class=\"wp-block-pendigital-capacity-content pdCapacityContent\"><div class=\"title\"><span>Kokular<\/span><\/div><div class=\"icon\"><img loading=\"lazy\" decoding=\"async\" src=\"https:\/\/works.pendigital.com\/kurtsan-main\/wp-content\/themes\/kurtsan-main\/assets\/imgs\/global-operations-icons\/spray-bottle.svg\" width=\"24\" height=\"24\"\/><\/div><div class=\"text\"><span>Y\u0131ll\u0131k Kapasite<\/span><\/div><div class=\"count\"><span>561.000 adet<\/span><\/div><\/div>\n<\/div>\n\n\n\n<div class=\"wp-block-column is-vertically-aligned-center is-layout-flow wp-block-column-is-layout-flow\"><\/div>\n<\/div>\n\n\n\n<div class=\"wp-block-pendigital-space-mini pdSpaceBreakMini\"><\/div>\n<\/div>\n<\/div>\n\n\n\n<div class=\"wp-block-pendigital-mini-title pdMiniTitle\">\u0130hra\u00e7 Edilen \u00dclkeler<\/div>\n\n\n\n<div class=\"wp-block-interactive-geo-maps-display-map\"><div class=\"map_wrapper\" id=\"map_wrapper_1376\">\n<div class=\"map_box\" style=\"max-width:2200px\">\n<div class=\"map_aspect_ratio\" style=\"padding-top:56%\" data-padding-top=\"56%\" data-padding-top-mobile=\"0%\">\n<div class=\"map_container\">\n<div class=\"map_render map_loading\" id=\"map_1376\"><\/div>\n<\/div>\n<\/div>\n<\/div>\n<\/div><\/div>\n","protected":false},"excerpt":{"rendered":"<p>Kurtsan; Ortado\u011fu, Do\u011fu Avrupa, Kuzey Amerika, Kuzey Afrika, Kafkasya ve Do\u011fu Asya&#8217;da yakla\u015f\u0131k 25 \u00fclke ve 6 b\u00f6lgede \u00fcr\u00fcn sat\u0131\u015f\u0131 yapmaktad\u0131r. Kurtsan\u2019\u0131n d\u00fcnya \u00e7ap\u0131nda 50.000&#8217;den fazla sat\u0131\u015f kanal\u0131na yay\u0131lan 3 \u015firkette yerel ve k\u00fcresel olarak eczane, ki\u015fisel bak\u0131m ve g\u00fczellik ma\u011fazas\u0131, yerel zincir pazarlar\u0131, toptan sat\u0131\u015f, indirim pazarlar\u0131, e-ticaret ve mobil uygulamalardan olu\u015fan 6 farkl\u0131 [&hellip;]<\/p>\n","protected":false},"author":1,"featured_media":1241,"parent":1627,"menu_order":0,"comment_status":"closed","ping_status":"closed","template":"","meta":{"footnotes":""},"class_list":["post-1549","page","type-page","status-publish","has-post-thumbnail","hentry"],"_links":{"self":[{"href":"https:\/\/www.kurtsan.com\/tr\/wp-json\/wp\/v2\/pages\/1549","targetHints":{"allow":["GET"]}}],"collection":[{"href":"https:\/\/www.kurtsan.com\/tr\/wp-json\/wp\/v2\/pages"}],"about":[{"href":"https:\/\/www.kurtsan.com\/tr\/wp-json\/wp\/v2\/types\/page"}],"author":[{"embeddable":true,"href":"https:\/\/www.kurtsan.com\/tr\/wp-json\/wp\/v2\/users\/1"}],"replies":[{"embeddable":true,"href":"https:\/\/www.kurtsan.com\/tr\/wp-json\/wp\/v2\/comments?post=1549"}],"version-history":[{"count":4,"href":"https:\/\/www.kurtsan.com\/tr\/wp-json\/wp\/v2\/pages\/1549\/revisions"}],"predecessor-version":[{"id":1802,"href":"https:\/\/www.kurtsan.com\/tr\/wp-json\/wp\/v2\/pages\/1549\/revisions\/1802"}],"up":[{"embeddable":true,"href":"https:\/\/www.kurtsan.com\/tr\/wp-json\/wp\/v2\/pages\/1627"}],"wp:featuredmedia":[{"embeddable":true,"href":"https:\/\/www.kurtsan.com\/tr\/wp-json\/wp\/v2\/media\/1241"}],"wp:attachment":[{"href":"https:\/\/www.kurtsan.com\/tr\/wp-json\/wp\/v2\/media?parent=1549"}],"curies":[{"name":"wp","href":"https:\/\/api.w.org\/{rel}","templated":true}]}}