{"id":1551,"date":"2023-04-03T13:11:46","date_gmt":"2023-04-03T10:11:46","guid":{"rendered":"https:\/\/works.pendigital.com\/kurtsan-main\/?page_id=1551"},"modified":"2024-05-15T16:51:33","modified_gmt":"2024-05-15T13:51:33","slug":"kurtsan-hikayesi","status":"publish","type":"page","link":"https:\/\/www.kurtsan.com\/tr\/hakkimizda\/kurtsan-hikayesi\/","title":{"rendered":"Kurtsan Hikayesi"},"content":{"rendered":"\n<p>Bu markan\u0131n hikayesi, ad\u0131 \u00fczerinde, ger\u00e7ek bir Otac\u0131n\u0131n, Niyazi Kurtsan\u2019\u0131n ve yeti\u015ftirdi\u011fi jenerasyonlar\u0131n hikayesidir. Niyazi Kurtsan, do\u011fan\u0131n g\u00fcc\u00fcne k\u00fc\u00e7\u00fck ya\u015fta hayran kalm\u0131\u015f ve ait hissetti\u011fi topraklar\u0131n bitkileri, dili, sanat\u0131 ve bereketi ile etraf\u0131ndakileri iyile\u015ftirmeye kendini adam\u0131\u015ft\u0131r.&nbsp;<\/p>\n\n\n\n<p>Niyazi Kurtsan, m\u00fcbadele kapsam\u0131 d\u0131\u015f\u0131nda b\u0131rak\u0131lmas\u0131na ra\u011fmen T\u00fcrkiye\u2019de ya\u015famak isteyen bir g\u00f6\u00e7men bir ailenin o\u011fludur. Yunanistan\u2019daki bir k\u00f6yden Band\u0131rma\u2019ya 15 ya\u015f\u0131nda y\u00fcr\u00fcyerek g\u00f6\u00e7 etmi\u015ftir. Band\u0131rma\u2019da pazarda onu evlat edinen aile ile elma \u015fekeri satarak yeni bir hayata ba\u015flarken; bundan 47 sene sonra burada 80 d\u00f6n\u00fcm arazide pastiller, \u015fampuanlar, ila\u00e7lar \u00fcreten bir fabrika kuraca\u011f\u0131ndan bihaberdir. 15 ya\u015f\u0131nda yapt\u0131\u011f\u0131 \u015fekercilik, sabunculuk gibi i\u015fler, ileride T\u00fcrkiye\u2019nin ilk yerli ila\u00e7 patentini ald\u0131\u011f\u0131 bitkisel pastillere ve T\u00fcrkiye\u2019de bitkisel do\u011fal kozmetik pazar\u0131n\u0131 yaratmas\u0131na ilham olmu\u015ftur. \u00c7\u00fcnk\u00fc Niyazi Kurtsan\u2019\u0131n hikayesi, 7 ya\u015f\u0131nda bir tay\u0131 severken \u00e7iftesi ile kafas\u0131 yar\u0131l\u0131nca dedesinin \u00e7al\u0131l\u0131klar aras\u0131ndan bir bitkiyi yaras\u0131na s\u00fcrd\u00fc\u011f\u00fc g\u00fcn, a\u015f\u0131 olmadan, mikrop kapmadan, bitkilerden yapt\u0131\u011f\u0131 ila\u00e7 ile k\u0131sa s\u00fcrede iyile\u015fmesi ve do\u011fan\u0131n iyile\u015ftirici g\u00fcc\u00fcne hayran kalmas\u0131yla de\u011fi\u015fmi\u015ftir.&nbsp;<\/p>\n\n\n\n<p>Niyazi Bey\u2019in \u00e7ocuklu\u011fu, g\u00f6\u00e7ler, sava\u015flar ve g\u00fcnde \u00e7eyrek ekmekle doydu\u011fu a\u00e7l\u0131k s\u0131navlar\u0131yla ge\u00e7mi\u015ftir. Buna ra\u011fmen do\u011faya, sanata ve edebiyata a\u015f\u0131k bir \u00e7ocuk olarak yeti\u015fmi\u015f; zor \u015fartlar onu devlet \u00f6d\u00fcll\u00fc resim yapmaktan, m\u00fczik aletleri bulup onlar\u0131 \u00e7almaktan veya \u00f6d\u00fcll\u00fc hikayeler yazmaktan al\u0131koymam\u0131\u015ft\u0131r. Lisede edebiyat ve felsefeyle tan\u0131\u015fm\u0131\u015f. Resim, m\u00fczik, edebiyat, felsefe ve k\u00fct\u00fcphaneler hayat\u0131n\u0131n hep bir par\u00e7as\u0131 olmu\u015ftur.<\/p>\n\n\n\n<div class=\"wp-block-pendigital-space-mini pdSpaceBreakMini\"><\/div>\n\n\n\n<div class=\"wp-block-columns is-layout-flex wp-container-core-columns-is-layout-9d6595d7 wp-block-columns-is-layout-flex\">\n<div class=\"wp-block-column sticky-column is-layout-flow wp-block-column-is-layout-flow\">\n<figure class=\"wp-block-image size-large\"><img loading=\"lazy\" decoding=\"async\" width=\"1024\" height=\"768\" src=\"http:\/\/works.pendigital.com\/kurtsan-main\/wp-content\/uploads\/2023\/01\/niyazi-kurtsan-eczane-edited-1024x768.jpg\" alt=\"\" class=\"wp-image-838\" srcset=\"https:\/\/www.kurtsan.com\/wp-content\/uploads\/2023\/01\/niyazi-kurtsan-eczane-edited-1024x768.jpg 1024w, https:\/\/www.kurtsan.com\/wp-content\/uploads\/2023\/01\/niyazi-kurtsan-eczane-edited-300x225.jpg 300w, https:\/\/www.kurtsan.com\/wp-content\/uploads\/2023\/01\/niyazi-kurtsan-eczane-edited-768x576.jpg 768w, https:\/\/www.kurtsan.com\/wp-content\/uploads\/2023\/01\/niyazi-kurtsan-eczane-edited-800x600.jpg 800w, https:\/\/www.kurtsan.com\/wp-content\/uploads\/2023\/01\/niyazi-kurtsan-eczane-edited-400x300.jpg 400w, https:\/\/www.kurtsan.com\/wp-content\/uploads\/2023\/01\/niyazi-kurtsan-eczane-edited-405x305.jpg 405w, https:\/\/www.kurtsan.com\/wp-content\/uploads\/2023\/01\/niyazi-kurtsan-eczane-edited.jpg 1417w\" sizes=\"auto, (max-width: 1024px) 100vw, 1024px\" \/><\/figure>\n<\/div>\n\n\n\n<div class=\"wp-block-column is-vertically-aligned-top is-layout-flow wp-block-column-is-layout-flow\">\n<p>\u00dcniversite al\u0131mlar\u0131 s\u0131ras\u0131nda \u00e7ok iyi notlar\u0131 ve t\u00fcm lise birikimi ile paras\u0131z bir okula girebilmek i\u00e7in \u0130stanbul\u2019a gelmi\u015ftir. Paras\u0131zl\u0131ktan a\u00e7 kalm\u0131\u015f, parklarda, bah\u00e7elerde yatm\u0131\u015f; ge\u00e7imini sa\u011flayacak yollar aram\u0131\u015ft\u0131r. T\u00fcm bu m\u00fccadele sonucunda hastalanan Niyazi Kurtsan, T\u0131p Fak\u00fcltesi\u2019ne girmesine ra\u011fmen, gidememi\u015ftir. \u0130yile\u015fince devlet bursuyla yat\u0131l\u0131 eczac\u0131l\u0131\u011fa ba\u015flam\u0131\u015ft\u0131r. Bir cebinde Rubens, \u00f6tekinde farmakognozi kitab\u0131yla sergiler gezmi\u015f ve Cemal Tollu ile tan\u0131\u015f\u0131p G\u00fczel Sanatlar enstit\u00fcs\u00fcnde \u00f6\u011frenci olmu\u015ftur. Geceleri kimya dersleri ve resimlerle ge\u00e7mi\u015ftir. Sanata olan a\u015fk\u0131 ileride bilim ile birle\u015fmi\u015ftir.<\/p>\n<\/div>\n<\/div>\n\n\n\n<div class=\"wp-block-pendigital-space-mini pdSpaceBreakMini\"><\/div>\n\n\n\n<p>Fak\u00fclteyi d\u00f6nemi uzatarak bitirmi\u015f, \u00e7\u00fcnk\u00fc standart kal\u0131plara inanmam\u0131\u015ft\u0131r. \u00d6nem verilmesi gerekenin iyi bir \u00f6\u011frencili\u011fin \u00f6tesinde, evrensel k\u00fclt\u00fcr\u00fc kovalamak oldu\u011funa inanm\u0131\u015ft\u0131r.<\/p>\n\n\n\n<div class=\"wp-block-pendigital-space-mini pdSpaceBreakMini\"><\/div>\n\n\n\n<div class=\"wp-block-columns is-layout-flex wp-container-core-columns-is-layout-9d6595d7 wp-block-columns-is-layout-flex\">\n<div class=\"wp-block-column is-layout-flow wp-block-column-is-layout-flow\">\n<p>Fak\u00fclteden mezun olunca, Kocamustafapa\u015fa\u2019da 1955 y\u0131l\u0131nda ilk eczanesini kurmu\u015ftur. Bir tren istasyonunda gelecekte sadece e\u015fi de\u011fil, hayat arkada\u015f\u0131 ve orta\u011f\u0131 olacak Meral Han\u0131m ile tan\u0131\u015fm\u0131\u015ft\u0131r. Ona hayatta ciddi niyetleri oldu\u011fundan bu hedefleri ger\u00e7ekle\u015ftirirken ona kat\u0131lacak, destek olacak bir e\u015f arad\u0131\u011f\u0131ndan bahsetmi\u015ftir. Meral Han\u0131m, Niyazi Bey ile kendisini okutmas\u0131 \u015fart\u0131 ile evlenmi\u015ftir. Bu s\u00f6z\u00fcn\u00fc de ona hep hat\u0131rlatm\u0131\u015ft\u0131r, e\u015fi gibi kendisi de eczac\u0131 olacak, gerekti\u011finde bir k\u0131l\u0131\u00e7 arkada\u015f\u0131 gibi Niyazi Bey ke\u015fiflerini kovalarken, o eczaneyi y\u00f6netecektir. \u0130ki \u00e7ocuk yeti\u015ftirmi\u015f, eve bakm\u0131\u015f, bir yandan da \u00e7al\u0131\u015fm\u0131\u015ft\u0131r. Meral Kurtsan, hala her g\u00fcn \u00e7al\u0131\u015fmakta, eczanesine gitmekte, torunlar\u0131n\u0131n \u00e7al\u0131\u015ft\u0131\u011f\u0131 Holding\u2019de Y\u00f6netim Kurulu \u00dcyeli\u011fi yapmaktad\u0131r.<\/p>\n<\/div>\n\n\n\n<div class=\"wp-block-column sticky-column is-layout-flow wp-block-column-is-layout-flow\">\n<figure class=\"wp-block-image size-large\"><img loading=\"lazy\" decoding=\"async\" width=\"746\" height=\"1024\" src=\"http:\/\/works.pendigital.com\/kurtsan-main\/wp-content\/uploads\/2023\/01\/otaci100717-746x1024.jpg\" alt=\"\" class=\"wp-image-918\" srcset=\"https:\/\/www.kurtsan.com\/wp-content\/uploads\/2023\/01\/otaci100717-746x1024.jpg 746w, https:\/\/www.kurtsan.com\/wp-content\/uploads\/2023\/01\/otaci100717-219x300.jpg 219w, https:\/\/www.kurtsan.com\/wp-content\/uploads\/2023\/01\/otaci100717-768x1054.jpg 768w, https:\/\/www.kurtsan.com\/wp-content\/uploads\/2023\/01\/otaci100717-1120x1536.jpg 1120w, https:\/\/www.kurtsan.com\/wp-content\/uploads\/2023\/01\/otaci100717-1493x2048.jpg 1493w, https:\/\/www.kurtsan.com\/wp-content\/uploads\/2023\/01\/otaci100717-scaled.jpg 1866w\" sizes=\"auto, (max-width: 746px) 100vw, 746px\" \/><\/figure>\n<\/div>\n<\/div>\n\n\n\n<div class=\"wp-block-pendigital-space-mini pdSpaceBreakMini\"><\/div>\n\n\n\n<p>Kurduklar\u0131 ailede eczac\u0131lar d\u00f6rde \u00e7\u0131km\u0131\u015f, k\u0131zlar\u0131 da devlet okulundan zamanl\u0131ca mezun olup hayat m\u00fccadelesinde yerlerini alm\u0131\u015flard\u0131r. G\u00f6\u00e7ler, sava\u015flar, m\u00fccadeleler derken ailenin t\u00fcm fertleri \u00e7al\u0131\u015fm\u0131\u015ft\u0131r. Ailenin en farkl\u0131 yanlar\u0131ndan biri; Niyazi Bey\u2019in annesinden, k\u0131z torunlar\u0131na kadar 4 jenerasyon kad\u0131n, g\u00fcc\u00fcn\u00fc \u00e7al\u0131\u015fkanl\u0131k ve azimden alm\u0131\u015ft\u0131r. Kurtsan ailesinde kad\u0131n dirayeti temsil etmi\u015f ve etmektedir.\u00a0<\/p>\n\n\n\n<div class=\"wp-block-pendigital-space-mini pdSpaceBreakMini\"><\/div>\n\n\n\n<div class=\"wp-block-columns is-layout-flex wp-container-core-columns-is-layout-9d6595d7 wp-block-columns-is-layout-flex\">\n<div class=\"wp-block-column sticky-column is-layout-flow wp-block-column-is-layout-flow\">\n<figure class=\"wp-block-image size-large\"><img loading=\"lazy\" decoding=\"async\" width=\"1024\" height=\"699\" src=\"http:\/\/works.pendigital.com\/kurtsan-main\/wp-content\/uploads\/2023\/01\/otaci100768-copy-1024x699.jpg\" alt=\"\" class=\"wp-image-925\" srcset=\"https:\/\/www.kurtsan.com\/wp-content\/uploads\/2023\/01\/otaci100768-copy-1024x699.jpg 1024w, https:\/\/www.kurtsan.com\/wp-content\/uploads\/2023\/01\/otaci100768-copy-300x205.jpg 300w, https:\/\/www.kurtsan.com\/wp-content\/uploads\/2023\/01\/otaci100768-copy-768x524.jpg 768w, https:\/\/www.kurtsan.com\/wp-content\/uploads\/2023\/01\/otaci100768-copy-1536x1049.jpg 1536w, https:\/\/www.kurtsan.com\/wp-content\/uploads\/2023\/01\/otaci100768-copy-2048x1398.jpg 2048w, https:\/\/www.kurtsan.com\/wp-content\/uploads\/2023\/01\/otaci100768-copy-350x240.jpg 350w\" sizes=\"auto, (max-width: 1024px) 100vw, 1024px\" \/><\/figure>\n<\/div>\n\n\n\n<div class=\"wp-block-column is-layout-flow wp-block-column-is-layout-flow\">\n<p>Bu s\u0131rada, Kocamustafapa\u015fa\u2019daki eczane alt\u0131na kurulan laboratuvarda bug\u00fcnk\u00fc Kurtsan Holding\u2019in temellerinin at\u0131lmas\u0131, k\u00fc\u00e7\u00fck \u015fi\u015felerde \u00fcretilen dut \u015furubu, tent\u00fcrdiyot, oksijen sat\u0131\u015flar\u0131yla devam etmi\u015ftir. Niyazi Bey hep merak eden, deney yapan biriydi. 50\u2019li y\u0131llar\u0131n ba\u015f\u0131nda T\u00fcrkiye, daha oralet ile tan\u0131\u015fmad\u0131\u011f\u0131 y\u0131llarda zamana dayan\u0131kl\u0131 portakal \u00f6z\u00fc yapmak ve yaz k\u0131\u015f portakal suyu i\u00e7ebilmek istemi\u015ftir. \u0130\u015flerinin iyi gitmesi ile deneylerine h\u0131z vermi\u015f; do\u011fan\u0131n sa\u011fl\u0131\u011fa yararl\u0131 mucizeleri, ada\u00e7ay\u0131, nane, okalipt\u00fcs gibi bitkileri t\u00fcketiciye g\u00f6t\u00fcrmeye \u00e7al\u0131\u015fm\u0131\u015ft\u0131r.\u00a0<\/p>\n<\/div>\n<\/div>\n\n\n\n<div class=\"wp-block-pendigital-space-mini pdSpaceBreakMini\"><\/div>\n\n\n\n<p>Kurtsan Laboratuvar\u0131 1969 y\u0131l\u0131nda Kurtsan \u0130la\u00e7lar\u0131 A.\u015e. olmu\u015ftur. Kurulan \u201cKurtsan\u201d ad\u0131 T\u00fcrk ila\u00e7 sekt\u00f6r\u00fcnde, \u00fc\u00e7 patent alan ilk yerli firma olmu\u015ftur. 1980 y\u0131l\u0131nda Otac\u0131 markas\u0131na a\u00e7\u0131lan ilk yoldaki ad\u0131m \u201cbo\u011faz pastilidir.\u201d Otlarla mentoll\u00fc bir pastil yapmay\u0131 akl\u0131na koyan Niyazi Bey, \u015eekerci Hac\u0131bekir\u2019e gitmi\u015f, bir\u00e7ok yenilik\u00e7i deneme yan\u0131lma y\u00f6ntemi ile T\u00fcrkiye\u2019nin ilk bitkisel ilac\u0131n\u0131 \u00e7\u0131kartm\u0131\u015ft\u0131r. Bo\u015f zamanlar\u0131nda T\u00fcrk\u00e7e s\u00f6zl\u00fck okuyan Niyazi Bey, \u00f6z T\u00fcrk\u00e7e\u2019de doktor kavram\u0131 hen\u00fcz yokken kendilerini do\u011fan\u0131n g\u00fcc\u00fcyle tedavi eden halk hekimlerine denen \u201cOtac\u0131\u201d kelimesine rastlad\u0131\u011f\u0131nda, \u015firketine bu ad\u0131 vermeye karar vermi\u015ftir. Niyaz\u0131 Kurtsan\u2019\u0131n g\u00f6z\u00fcnde Otac\u0131 kelimesi; ilac\u0131, \u015fifay\u0131, tarihi ve \u00f6z T\u00fcrk\u00e7eyi temsil eden bulunmaz bir cevher olmu\u015ftur.<\/p>\n\n\n\n<p>Niyazi Kurtsan, hikayesini gelecek ku\u015faklara ve \u00fclkesine Otac\u0131 markas\u0131 ile arma\u011fan etmi\u015ftir.<\/p>\n","protected":false},"excerpt":{"rendered":"<p>Bu markan\u0131n hikayesi, ad\u0131 \u00fczerinde, ger\u00e7ek bir Otac\u0131n\u0131n, Niyazi Kurtsan\u2019\u0131n ve yeti\u015ftirdi\u011fi jenerasyonlar\u0131n hikayesidir. Niyazi Kurtsan, do\u011fan\u0131n g\u00fcc\u00fcne k\u00fc\u00e7\u00fck ya\u015fta hayran kalm\u0131\u015f ve ait hissetti\u011fi topraklar\u0131n bitkileri, dili, sanat\u0131 ve bereketi ile etraf\u0131ndakileri iyile\u015ftirmeye kendini adam\u0131\u015ft\u0131r.&nbsp; Niyazi Kurtsan, m\u00fcbadele kapsam\u0131 d\u0131\u015f\u0131nda b\u0131rak\u0131lmas\u0131na ra\u011fmen T\u00fcrkiye\u2019de ya\u015famak isteyen bir g\u00f6\u00e7men bir ailenin o\u011fludur. Yunanistan\u2019daki bir k\u00f6yden Band\u0131rma\u2019ya [&hellip;]<\/p>\n","protected":false},"author":1,"featured_media":837,"parent":1627,"menu_order":0,"comment_status":"closed","ping_status":"closed","template":"","meta":{"footnotes":""},"class_list":["post-1551","page","type-page","status-publish","has-post-thumbnail","hentry"],"_links":{"self":[{"href":"https:\/\/www.kurtsan.com\/tr\/wp-json\/wp\/v2\/pages\/1551","targetHints":{"allow":["GET"]}}],"collection":[{"href":"https:\/\/www.kurtsan.com\/tr\/wp-json\/wp\/v2\/pages"}],"about":[{"href":"https:\/\/www.kurtsan.com\/tr\/wp-json\/wp\/v2\/types\/page"}],"author":[{"embeddable":true,"href":"https:\/\/www.kurtsan.com\/tr\/wp-json\/wp\/v2\/users\/1"}],"replies":[{"embeddable":true,"href":"https:\/\/www.kurtsan.com\/tr\/wp-json\/wp\/v2\/comments?post=1551"}],"version-history":[{"count":2,"href":"https:\/\/www.kurtsan.com\/tr\/wp-json\/wp\/v2\/pages\/1551\/revisions"}],"predecessor-version":[{"id":1808,"href":"https:\/\/www.kurtsan.com\/tr\/wp-json\/wp\/v2\/pages\/1551\/revisions\/1808"}],"up":[{"embeddable":true,"href":"https:\/\/www.kurtsan.com\/tr\/wp-json\/wp\/v2\/pages\/1627"}],"wp:featuredmedia":[{"embeddable":true,"href":"https:\/\/www.kurtsan.com\/tr\/wp-json\/wp\/v2\/media\/837"}],"wp:attachment":[{"href":"https:\/\/www.kurtsan.com\/tr\/wp-json\/wp\/v2\/media?parent=1551"}],"curies":[{"name":"wp","href":"https:\/\/api.w.org\/{rel}","templated":true}]}}