{"id":1553,"date":"2023-04-03T13:13:38","date_gmt":"2023-04-03T10:13:38","guid":{"rendered":"https:\/\/works.pendigital.com\/kurtsan-main\/?page_id=1553"},"modified":"2023-04-03T13:13:41","modified_gmt":"2023-04-03T10:13:41","slug":"is-hayatinda-bir-aile","status":"publish","type":"page","link":"https:\/\/www.kurtsan.com\/tr\/hakkimizda\/is-hayatinda-bir-aile\/","title":{"rendered":"\u0130\u015f Hayat\u0131nda Bir Aile"},"content":{"rendered":"\n<p>Niyazi Kurtsan, 1965 y\u0131l\u0131nda Kurtsan \u015eirketler Grubu&#8217;nun temelini atm\u0131\u015ft\u0131r. \u0130ki \u00e7ocu\u011fu olan Meltem ve Deniz, eczac\u0131 olarak kariyer yapmay\u0131 tercih ederek ebeveynlerinin zorluklar\u0131na ortak olmu\u015flard\u0131r. Niyazi Kurtsan&#8217;dan miras kalan yarat\u0131c\u0131 ve sayg\u0131n marka imaj\u0131, Kurtsan \u015eirketler Grubu&#8217;nun faaliyetlerine devam etmesine olanak sa\u011flarken, babalar\u0131 d\u00f6neminde kurulan aile \u015firketi yap\u0131s\u0131n\u0131n kurumsalla\u015fma s\u00fcrecini de h\u0131zland\u0131rm\u0131\u015ft\u0131r.<\/p>\n\n\n\n<p>Y\u00fcr\u00fctme g\u00f6revlerinde yetkin y\u00f6neticileri ve Y\u00f6netim Kurulu Ba\u015fkan Vekili olarak g\u00f6rev yapan ba\u011f\u0131ms\u0131z Y\u00f6netim Kurulu \u00fcyeleri ile Kurtsan ailesinin \u00fc\u00e7\u00fcnc\u00fc ku\u015fak \u00fcyeleri \u015fu anda i\u015flerinin gelece\u011fini yaratmak i\u00e7in \u00e7ok \u00e7al\u0131\u015f\u0131yorlar.<\/p>\n\n\n\n<div class=\"wp-block-pendigital-space-mini pdSpaceBreakMini\"><\/div>\n","protected":false},"excerpt":{"rendered":"<p>Niyazi Kurtsan, 1965 y\u0131l\u0131nda Kurtsan \u015eirketler Grubu&#8217;nun temelini atm\u0131\u015ft\u0131r. \u0130ki \u00e7ocu\u011fu olan Meltem ve Deniz, eczac\u0131 olarak kariyer yapmay\u0131 tercih ederek ebeveynlerinin zorluklar\u0131na ortak olmu\u015flard\u0131r. Niyazi Kurtsan&#8217;dan miras kalan yarat\u0131c\u0131 ve sayg\u0131n marka imaj\u0131, Kurtsan \u015eirketler Grubu&#8217;nun faaliyetlerine devam etmesine olanak sa\u011flarken, babalar\u0131 d\u00f6neminde kurulan aile \u015firketi yap\u0131s\u0131n\u0131n kurumsalla\u015fma s\u00fcrecini de h\u0131zland\u0131rm\u0131\u015ft\u0131r. Y\u00fcr\u00fctme g\u00f6revlerinde yetkin [&hellip;]<\/p>\n","protected":false},"author":1,"featured_media":1098,"parent":1627,"menu_order":0,"comment_status":"closed","ping_status":"closed","template":"templates\/page--template-family-in-business.php","meta":{"footnotes":""},"class_list":["post-1553","page","type-page","status-publish","has-post-thumbnail","hentry"],"_links":{"self":[{"href":"https:\/\/www.kurtsan.com\/tr\/wp-json\/wp\/v2\/pages\/1553","targetHints":{"allow":["GET"]}}],"collection":[{"href":"https:\/\/www.kurtsan.com\/tr\/wp-json\/wp\/v2\/pages"}],"about":[{"href":"https:\/\/www.kurtsan.com\/tr\/wp-json\/wp\/v2\/types\/page"}],"author":[{"embeddable":true,"href":"https:\/\/www.kurtsan.com\/tr\/wp-json\/wp\/v2\/users\/1"}],"replies":[{"embeddable":true,"href":"https:\/\/www.kurtsan.com\/tr\/wp-json\/wp\/v2\/comments?post=1553"}],"version-history":[{"count":1,"href":"https:\/\/www.kurtsan.com\/tr\/wp-json\/wp\/v2\/pages\/1553\/revisions"}],"predecessor-version":[{"id":1554,"href":"https:\/\/www.kurtsan.com\/tr\/wp-json\/wp\/v2\/pages\/1553\/revisions\/1554"}],"up":[{"embeddable":true,"href":"https:\/\/www.kurtsan.com\/tr\/wp-json\/wp\/v2\/pages\/1627"}],"wp:featuredmedia":[{"embeddable":true,"href":"https:\/\/www.kurtsan.com\/tr\/wp-json\/wp\/v2\/media\/1098"}],"wp:attachment":[{"href":"https:\/\/www.kurtsan.com\/tr\/wp-json\/wp\/v2\/media?parent=1553"}],"curies":[{"name":"wp","href":"https:\/\/api.w.org\/{rel}","templated":true}]}}