{"id":1556,"date":"2023-04-03T13:31:43","date_gmt":"2023-04-03T10:31:43","guid":{"rendered":"https:\/\/works.pendigital.com\/kurtsan-main\/?page_id=1556"},"modified":"2024-05-15T16:53:18","modified_gmt":"2024-05-15T13:53:18","slug":"kanallar","status":"publish","type":"page","link":"https:\/\/www.kurtsan.com\/tr\/hakkimizda\/kanallar\/","title":{"rendered":"Kanallar"},"content":{"rendered":"\n<p>Kurtsan\u2019\u0131n sat\u0131\u015f operasyonlar\u0131, 3 \u015firkette yerel ve k\u00fcresel olarak B2B ve B2C olarak b\u00f6l\u00fcnm\u00fc\u015ft\u00fcr.&nbsp;<\/p>\n\n\n\n<p>Kurtsan \u015firketi B2B alan\u0131nda ila\u00e7 ve medikal, g\u00fczellik ve ki\u015fisel bak\u0131m distrib\u00fct\u00f6rlerinin yan\u0131 s\u0131ra hastanelerle de \u00e7al\u0131\u015fmaktad\u0131r.<\/p>\n\n\n\n<p>Eczaneler, ki\u015fisel bak\u0131m ve g\u00fczellik ma\u011fazalar\u0131, k\u00fcresel \/ yerel pazar zincirleri, toptanc\u0131lar, indirimli pazarlar, e-ticaret ve m-ticaret olmak \u00fczere 8 farkl\u0131 B2C kanal kategorisi bulunmaktad\u0131r.<\/p>\n\n\n\n<div class=\"wp-block-pendigital-space-mini pdSpaceBreakMini\"><\/div>\n\n\n\n<div class=\"wp-block-columns is-layout-flex wp-container-core-columns-is-layout-9d6595d7 wp-block-columns-is-layout-flex\">\n<div class=\"wp-block-column is-layout-flow wp-block-column-is-layout-flow\">\n<div class=\"wp-block-pendigital-counter pdCounter\"><div class=\"number\">50.000<\/div><div class=\"title\">K\u00fcresel Olarak<\/div><\/div>\n<\/div>\n\n\n\n<div class=\"wp-block-column is-layout-flow wp-block-column-is-layout-flow\">\n<div class=\"wp-block-pendigital-counter pdCounter\"><div class=\"number\">25<\/div><div class=\"title\">\u00dclke<\/div><\/div>\n<\/div>\n\n\n\n<div class=\"wp-block-column is-layout-flow wp-block-column-is-layout-flow\">\n<div class=\"wp-block-pendigital-counter pdCounter\"><div class=\"number\">21<\/div><div class=\"title\">\u00dcr\u00fcn Kategorisi<\/div><\/div>\n<\/div>\n<\/div>\n\n\n\n<div class=\"wp-block-pendigital-space-mini pdSpaceBreakMini\"><\/div>\n\n\n\n<p>Kurtsan Grup, \u00fc\u00e7 ayr\u0131 sekt\u00f6rde 500&#8217;\u00fcn \u00fczerinde benzersiz \u00fcr\u00fcne sahiptir.<\/p>\n\n\n\n<p>\u0130la\u00e7 ve Medikal \u00dcr\u00fcnler, distrib\u00fct\u00f6rler arac\u0131l\u0131\u011f\u0131yla ba\u011f\u0131ms\u0131z eczanelere re\u00e7ete edilmekte veya sat\u0131lmaktad\u0131r.<\/p>\n\n\n\n<div class=\"wp-block-pendigital-space-mini pdSpaceBreakMini\"><\/div>\n\n\n\n<div class=\"wp-block-columns is-layout-flex wp-container-core-columns-is-layout-9d6595d7 wp-block-columns-is-layout-flex\">\n<div class=\"wp-block-column is-layout-flow wp-block-column-is-layout-flow\">\n<div class=\"wp-block-pendigital-counter pdCounter\"><div class=\"number\">~300<\/div><div class=\"title\">Medikal Sat\u0131\u015f Ekipleri<\/div><\/div>\n<\/div>\n\n\n\n<div class=\"wp-block-column is-layout-flow wp-block-column-is-layout-flow\">\n<div class=\"wp-block-pendigital-counter pdCounter\"><div class=\"number\">25.000<\/div><div class=\"title\">Eczaneler \/ Ayl\u0131k<\/div><\/div>\n<\/div>\n\n\n\n<div class=\"wp-block-column is-layout-flow wp-block-column-is-layout-flow\">\n<div class=\"wp-block-pendigital-counter pdCounter\"><div class=\"number\">10.000<\/div><div class=\"title\">Sat\u0131\u015f Ma\u011fazalar\u0131 \/ Ayl\u0131k<\/div><\/div>\n<\/div>\n<\/div>\n\n\n\n<div class=\"wp-block-pendigital-space-mini pdSpaceBreakMini\"><\/div>\n\n\n\n<p>Kurtsan, yakla\u015f\u0131k 300 ki\u015filik ila\u00e7 ve medikal sat\u0131\u015f ekipleri, ayl\u0131k 25.000&#8217;den fazla eczaneyi ve 10.000 perakende ma\u011fazas\u0131 ile \u00e7al\u0131\u015fmaktad\u0131r.<\/p>\n\n\n\n<p>Kurtsan t\u00fcketim \u00fcr\u00fcnleri ise d\u00fcnya \u00e7ap\u0131nda G\u00fczellik Ma\u011fazalar\u0131, S\u00fcpermarketler, Online marketler, Online Ma\u011fazalar, Eczaneler ve Ba\u011f\u0131ms\u0131z G\u00fczellik Ma\u011fazalar\u0131 arac\u0131l\u0131\u011f\u0131yla sat\u0131lmaktad\u0131r.<\/p>\n\n\n\n<p>Otac\u0131 \u00fcr\u00fcnleri 20&#8217;den fazla \u00fclkede kolayca bulunmaktad\u0131r. En \u00f6nemli ve d\u00fcnya \u00e7ap\u0131nda tan\u0131nan perakende ortaklar\u0131m\u0131z aras\u0131nda Gratis, Watsons, Rossmann, Walmart, Costco, TJ Maxx, Marshalls, Magnit, Amazon vb. bulunmaktad\u0131r.<\/p>\n\n\n\n<p>Kurtsan ayr\u0131ca Salvelox ve 3M Nexcare gibi k\u00fcresel markalarla distrib\u00fct\u00f6r olarak ortakl\u0131k kurarken, \u00fcst d\u00fczey Private Label hizmetleri de sunmaktad\u0131r.<\/p>\n","protected":false},"excerpt":{"rendered":"<p>Kurtsan\u2019\u0131n sat\u0131\u015f operasyonlar\u0131, 3 \u015firkette yerel ve k\u00fcresel olarak B2B ve B2C olarak b\u00f6l\u00fcnm\u00fc\u015ft\u00fcr.&nbsp; Kurtsan \u015firketi B2B alan\u0131nda ila\u00e7 ve medikal, g\u00fczellik ve ki\u015fisel bak\u0131m distrib\u00fct\u00f6rlerinin yan\u0131 s\u0131ra hastanelerle de \u00e7al\u0131\u015fmaktad\u0131r. Eczaneler, ki\u015fisel bak\u0131m ve g\u00fczellik ma\u011fazalar\u0131, k\u00fcresel \/ yerel pazar zincirleri, toptanc\u0131lar, indirimli pazarlar, e-ticaret ve m-ticaret olmak \u00fczere 8 farkl\u0131 B2C kanal kategorisi [&hellip;]<\/p>\n","protected":false},"author":1,"featured_media":1106,"parent":1627,"menu_order":0,"comment_status":"closed","ping_status":"closed","template":"","meta":{"footnotes":""},"class_list":["post-1556","page","type-page","status-publish","has-post-thumbnail","hentry"],"_links":{"self":[{"href":"https:\/\/www.kurtsan.com\/tr\/wp-json\/wp\/v2\/pages\/1556","targetHints":{"allow":["GET"]}}],"collection":[{"href":"https:\/\/www.kurtsan.com\/tr\/wp-json\/wp\/v2\/pages"}],"about":[{"href":"https:\/\/www.kurtsan.com\/tr\/wp-json\/wp\/v2\/types\/page"}],"author":[{"embeddable":true,"href":"https:\/\/www.kurtsan.com\/tr\/wp-json\/wp\/v2\/users\/1"}],"replies":[{"embeddable":true,"href":"https:\/\/www.kurtsan.com\/tr\/wp-json\/wp\/v2\/comments?post=1556"}],"version-history":[{"count":3,"href":"https:\/\/www.kurtsan.com\/tr\/wp-json\/wp\/v2\/pages\/1556\/revisions"}],"predecessor-version":[{"id":1809,"href":"https:\/\/www.kurtsan.com\/tr\/wp-json\/wp\/v2\/pages\/1556\/revisions\/1809"}],"up":[{"embeddable":true,"href":"https:\/\/www.kurtsan.com\/tr\/wp-json\/wp\/v2\/pages\/1627"}],"wp:featuredmedia":[{"embeddable":true,"href":"https:\/\/www.kurtsan.com\/tr\/wp-json\/wp\/v2\/media\/1106"}],"wp:attachment":[{"href":"https:\/\/www.kurtsan.com\/tr\/wp-json\/wp\/v2\/media?parent=1556"}],"curies":[{"name":"wp","href":"https:\/\/api.w.org\/{rel}","templated":true}]}}