{"id":1567,"date":"2023-04-03T13:48:14","date_gmt":"2023-04-03T10:48:14","guid":{"rendered":"https:\/\/works.pendigital.com\/kurtsan-main\/?page_id=1567"},"modified":"2026-03-04T13:46:28","modified_gmt":"2026-03-04T10:46:28","slug":"taahhutler","status":"publish","type":"page","link":"https:\/\/www.kurtsan.com\/tr\/taahhutler\/","title":{"rendered":"Taahh\u00fctler"},"content":{"rendered":"\n<h2 class=\"wp-block-heading\">S\u00fcrd\u00fcr\u00fclebilirlik<\/h2>\n\n\n\n<p>Kurtsan, 1955&#8217;ten bu yana, gezegenimize ve toplumumuza derinden \u00f6nem verirken insan sa\u011fl\u0131\u011f\u0131na fayda sa\u011flayan sekt\u00f6rler aras\u0131nda s\u00fcrd\u00fcr\u00fclebilir \u00e7\u00f6z\u00fcmler yaratmada liderdir. Sosyal etki, \u00e7e\u015fitlilik, \u00e7evre, etik, y\u00f6netim ve kalitenin alt\u0131 alt kategori Kurtsan&#8217;\u0131n s\u00fcrd\u00fcr\u00fclebilirlik kavram\u0131n\u0131 i\u00e7erir.<\/p>\n\n\n\n<div class=\"wp-block-pendigital-line pdSeparator\"><\/div>\n\n\n\n<h2 class=\"wp-block-heading\">Sosyal Etki<\/h2>\n\n\n\n<p>1993 Y\u0131l\u0131nda kurulan Kurtsan Vakf\u0131, sosyal ve k\u00fclt\u00fcrel ilerlemeyi te\u015fvik ederken, bilim ve sanat\u0131n insanl\u0131\u011f\u0131 y\u00fckseltmek ve e\u011fitmek i\u00e7in en iyi temeller oldu\u011fu inanc\u0131n\u0131 desteklemektedir. Bu inan\u00e7la, her y\u0131l on be\u015f ila otuz y\u00fcksek \u00f6\u011frenime devam etme f\u0131rsat\u0131 bulamayan, y\u00fcksek kalibreli aday \u00f6\u011frencileri dikkatlice se\u00e7iyor ve sponsor oluyoruz. Binden fazla mezunumuzun d\u00fcnyada anlaml\u0131 bir de\u011fi\u015fim yaratmaya \u00e7al\u0131\u015faca\u011f\u0131n\u0131 umuyoruz.<\/p>\n\n\n\n<p>Daha iyi bir toplum i\u00e7in, toplum \u00fcyeleri aras\u0131nda i\u015f birli\u011finin \u00f6nemini geli\u015ftirmeye \u00e7al\u0131\u015f\u0131yoruz. Bu nedenle Kurtsan olarak \u00f6zellikle deprem, orman yang\u0131nlar\u0131, maden kazalar\u0131 gibi yerel felaket zamanlar\u0131nda \u00e7e\u015fitli destek bi\u00e7imleri sunmaya \u00e7al\u0131\u015f\u0131yoruz.<\/p>\n\n\n\n<div class=\"wp-block-pendigital-line pdSeparator\"><\/div>\n\n\n\n<h2 class=\"wp-block-heading\">\u00c7e\u015fitlilik<\/h2>\n\n\n\n<p>Toplumsal cinsiyet e\u015fitli\u011fi sadece temel bir insan hakk\u0131 de\u011fil, ayn\u0131 zamanda bar\u0131\u015f\u00e7\u0131l, m\u00fcreffeh ve s\u00fcrd\u00fcr\u00fclebilir bir d\u00fcnya i\u00e7in gerekli bir temeldir. Kurtsan olarak, kad\u0131nlar\u0131n tam ve verimli bir \u015fekilde kat\u0131l\u0131m\u0131n\u0131 ve karar vermenin her kademesinde liderlik rolleri \u00fcstlenmek i\u00e7in e\u015fit f\u0131rsatlara sahip olmalar\u0131n\u0131 garanti ediyoruz. Bu, t\u00fcm \u015firket genelinde \u00e7al\u0131\u015fanlar\u0131m\u0131z\u0131n oran\u0131nda belirgin d\u00fczeydedir.<\/p>\n\n\n\n<div class=\"wp-block-columns is-layout-flex wp-container-core-columns-is-layout-9d6595d7 wp-block-columns-is-layout-flex\">\n<div class=\"wp-block-column is-layout-flow wp-block-column-is-layout-flow\">\n<div class=\"wp-block-pendigital-counter pdCounter\"><div class=\"number\">80%<\/div><div class=\"title\">Kad\u0131n Y\u00f6netim Kurul \u00dcyesi<\/div><\/div>\n<\/div>\n\n\n\n<div class=\"wp-block-column is-layout-flow wp-block-column-is-layout-flow\">\n<div class=\"wp-block-pendigital-counter pdCounter\"><div class=\"number\">20 Y\u0131ld\u0131r<\/div><div class=\"title\">Kad\u0131n CEO ve Kad\u0131n Y\u00f6netim Kurulu Ba\u015fkan\u0131<\/div><\/div>\n<\/div>\n\n\n\n<div class=\"wp-block-column is-layout-flow wp-block-column-is-layout-flow\">\n<div class=\"wp-block-pendigital-counter pdCounter\"><div class=\"number\">50%<\/div><div class=\"title\">Y\u00f6netici pozisyonu ve \u00fczeri pozisyonlar kad\u0131nlar taraf\u0131ndan y\u00fcr\u00fct\u00fclmektedir.<\/div><\/div>\n<\/div>\n<\/div>\n\n\n\n<div class=\"wp-block-pendigital-line pdSeparator\"><\/div>\n\n\n\n<h2 class=\"wp-block-heading\">\u00c7evre<\/h2>\n\n\n\n<div class=\"wp-block-pendigital-mini-title pdMiniTitle\">Deniz Plastik Kirlili\u011fi<\/div>\n\n\n\n<p>Tek kullan\u0131ml\u0131k plastik \u00fcr\u00fcnlerin h\u0131zla artan \u00fcretimi, d\u00fcnyan\u0131n bunlarla ba\u015fa \u00e7\u0131kma yetene\u011fini alt\u00fcst etti\u011finden, plastik kirlili\u011fi en acil \u00e7evre sorunlar\u0131ndan biri haline geldi. Her y\u0131l k\u0131y\u0131 \u00fclkelerinden okyanuslara yakla\u015f\u0131k 8 milyon ton plastik at\u0131k ka\u00e7\u0131yor. Kurtsan olarak, \u00fcr\u00fcnlerimizdeki plasti\u011fi azaltmak i\u00e7in h\u0131zla ad\u0131mlar at\u0131yoruz ve okyanus plastiklerinden yap\u0131lm\u0131\u015f etiketler kullanmak veya bitmi\u015f \u00fcr\u00fcnlerimizdeki b\u00fcz\u00fclmeleri veya ekstra plastik tabakalar\u0131 \u00e7\u0131karmak gibi do\u011fa \u00fczerindeki etkiyi azaltmak i\u00e7in deniz dostu alternatifler kullan\u0131yoruz.<\/p>\n\n\n\n<div class=\"wp-block-pendigital-mini-title pdMiniTitle\">Yeralt\u0131 Suyu Kirlili\u011fi<\/div>\n\n\n\n<p>Yeralt\u0131 suyu kirlili\u011fi, kimyasallar gibi insan yap\u0131m\u0131 \u00fcr\u00fcnler yeralt\u0131 suyuna girdi\u011finde ve bunun g\u00fcvensiz ve insan kullan\u0131m\u0131na uygun olmamas\u0131na neden oldu\u011funda meydana gelir. Bu alanda Kurtsan, at\u0131k bertaraf\u0131 alan\u0131nda d\u00fcnya \u00e7ap\u0131nda tan\u0131nan en \u00fcst standartlar olan GMP ve ISO 14001 standartlar\u0131na uygundur. Bununla birlikte, bu alanda sadece uyumlu de\u011fil, ayn\u0131 zamanda vizyoner oldu\u011fumuzdan emin olmak i\u00e7in daha proaktif ad\u0131mlar at\u0131yor ve daha fazla yat\u0131r\u0131m yap\u0131yoruz. Bu nedenle, at\u0131k ar\u0131tma ve \u00e7\u00f6z\u00fcc\u00fc geri d\u00f6n\u00fc\u015f\u00fcm\u00fcne s\u00fcrekli yat\u0131r\u0131mlar yapt\u0131k ve dahili motivasyon sistemlerini uygulad\u0131k, yani \u00e7al\u0131\u015fanlar\u0131m\u0131z aras\u0131nda at\u0131k bertaraf\u0131na yenilik\u00e7i \u00e7\u00f6z\u00fcmler geli\u015ftirmek i\u00e7in dahili yar\u0131\u015fmalar d\u00fczenledik. Ayr\u0131ca yeralt\u0131 suyu kirlili\u011fini en aza indirmek i\u00e7in form\u00fcllerimizi ara\u015ft\u0131r\u0131yor ve geli\u015ftiriyoruz.<\/p>\n\n\n\n<div class=\"wp-block-pendigital-mini-title pdMiniTitle\">G\u00fcne\u015f Enerjisi<\/div>\n\n\n\n<p>G\u00fcne\u015f enerjisi, g\u00fcne\u015f taraf\u0131ndan \u00fcretilen herhangi bir enerji t\u00fcr\u00fcd\u00fcr. G\u00fcne\u015f enerjisi, uzun y\u0131llard\u0131r insan kullan\u0131m\u0131 i\u00e7in do\u011frudan veya dolayl\u0131 olarak kullan\u0131lmaktad\u0131r. Fabrikam\u0131z\u0131n \u00e7at\u0131s\u0131na 3.640 m2 alan \u00fczerine monte edilen 936 adet g\u00fcne\u015f panelimiz g\u00fcne\u015f enerjisini toplayarak \u00fcretim tesisimizin tamam\u0131na g\u00fc\u00e7 sa\u011flamak i\u00e7in yeterli olan ortalama 425 kWe elektri\u011fe d\u00f6n\u00fc\u015ft\u00fcrmektedir. Bu neden \u00f6nemli? \u00c7\u00fcnk\u00fc yenilenebilir ve sera gaz\u0131 veya toksik madde yaymaz. Bu nedenle Kurtsan olarak \u00fcretimimize g\u00fcne\u015f enerjisi ile tam g\u00fc\u00e7 veriyor, sera gaz\u0131 emisyonlar\u0131m\u0131z\u0131, karbon ayak izimizi ve fosil yak\u0131tlar\u0131n \u00e7evre \u00fczerindeki di\u011fer zararl\u0131 etkilerini b\u00fcy\u00fck \u00f6l\u00e7\u00fcde s\u0131n\u0131rl\u0131yoruz.<\/p>\n\n\n\n<div class=\"wp-block-pendigital-line pdSeparator\"><\/div>\n\n\n\n<h2 class=\"wp-block-heading\">Etik<\/h2>\n\n\n\n<div class=\"wp-block-pendigital-mini-title pdMiniTitle\">Cruelty Free, Ar-Ge ve \u00dcr\u00fcnler<\/div>\n\n\n\n<p>&#8220;Cr\u0131elty Free&#8221; basit\u00e7e bir \u00fcr\u00fcn\u00fcn ve bile\u015fenlerinin hayvanlar \u00fczerinde test edilmedi\u011fi anlam\u0131na gelir. G\u00fczellik ve ki\u015fisel bak\u0131m kategorimizde ne bizim ne de i\u00e7erik tedarik\u00e7ilerimizin, d\u00fcnyan\u0131n herhangi bir yerindeki i\u00e7erikleri, form\u00fclasyonlar\u0131 veya bitmi\u015f \u00fcr\u00fcnleri i\u00e7in hayvanlar \u00fczerinde herhangi bir test yapmad\u0131\u011f\u0131m\u0131z\u0131, komisyon almad\u0131\u011f\u0131m\u0131z\u0131 veya \u00f6deme yapmad\u0131\u011f\u0131m\u0131z\u0131 taahh\u00fct ederiz. Bu iddiay\u0131 savunmak ad\u0131na, vegan ve Crulety Free \u00fcr\u00fcnler i\u00e7in uluslararas\u0131 kabul g\u00f6rm\u00fc\u015f bir m\u00fch\u00fcr olan \u0130svi\u00e7re V-Etiketi taraf\u0131ndan sertifikaland\u0131r\u0131ld\u0131k.<\/p>\n\n\n\n<div class=\"wp-block-pendigital-mini-title pdMiniTitle\">Vegan Kaynaklar\u0131 ve \u00dcr\u00fcnleri<\/div>\n\n\n\n<p>Tan\u0131m olarak vegan \u00fcr\u00fcnler hayvansal veya hayvansal kaynakl\u0131 i\u00e7erik i\u00e7ermez. Vegan g\u00fczelli\u011fi, hayvansal bile\u015fenlerin yoklu\u011fu anlam\u0131na gelirken, cruelty free, hayvanlar \u00fczerinde test edilmeyen bir \u00fcr\u00fcn\u00fc ifade eder. Kurtsan olarak, vegan ve cruelty free \u00fcr\u00fcnler i\u00e7in uluslararas\u0131 kabul g\u00f6rm\u00fc\u015f bir m\u00fch\u00fcr olan V-Label sertifikal\u0131 Vegan \u00fcr\u00fcnler tedarik ediyor ve \u00fcretiyoruz.<\/p>\n\n\n\n<div class=\"wp-block-pendigital-line pdSeparator\"><\/div>\n\n\n\n<h2 class=\"wp-block-heading\">\u0130dari<\/h2>\n\n\n\n<div class=\"wp-block-pendigital-mini-title pdMiniTitle\">\u00dccret E\u015fitli\u011fi<\/div>\n\n\n\n<p>\u00dccret e\u015fitli\u011fi; cinsiyet, \u0131rk, etnik k\u00f6ken veya di\u011fer stat\u00fclerden ba\u011f\u0131ms\u0131z olarak t\u00fcm \u00e7al\u0131\u015fanlar\u0131n, benzer i\u015flevleri yerine getirdikleri i\u00e7in kar\u015f\u0131la\u015ft\u0131r\u0131labilir \u00fccret almalar\u0131 gerekti\u011fi fikridir. \u00dccret e\u015fitli\u011fi, i\u015f piyasas\u0131nda rekabet i\u00e7in bir ara\u00e7 olman\u0131n \u00f6tesine ge\u00e7er. \u0130novasyonu te\u015fvik etme, personel tutulumunu art\u0131rma, \u00e7al\u0131\u015fan kat\u0131l\u0131m\u0131n\u0131 te\u015fvik etme, marka itibar\u0131n\u0131 koruma (veya geli\u015ftirme) ve en \u00f6nemlisi end\u00fcstri \u00fczerinde olumlu bir sosyal etkiye sahip olma \u015fans\u0131 sunar. Kurtsan, t\u00fcm kademelerde \u00fccret e\u015fitli\u011fini korumay\u0131 \u0131srarla taahh\u00fct eder.<\/p>\n\n\n\n<div class=\"wp-block-pendigital-line pdSeparator\"><\/div>\n\n\n\n<h2 class=\"wp-block-heading\">Kalite<\/h2>\n\n\n\n<div class=\"wp-block-pendigital-mini-title pdMiniTitle\">\u0130yi \u00fcretim Uygulamalar\u0131<\/div>\n\n\n\n<p>\u0130yi \u00dcretim Uygulamas\u0131 (GMP) olarak bilinen y\u00f6ntem, mallar\u0131n en y\u00fcksek kalite standartlar\u0131na uygun olarak tutarl\u0131 bir \u015fekilde \u00fcretilmesini ve izlenmesini garanti etmek i\u00e7in kullan\u0131l\u0131r. Bitmi\u015f \u00fcr\u00fcn\u00fcn test edilmesiyle tamamen ortadan kald\u0131r\u0131lamayan \u00fcretim tehlikelerini en aza indirecek \u015fekilde tasarlanm\u0131\u015ft\u0131r. Hem ila\u00e7 hem de kozmetik \u00fcretimimiz i\u00e7in T\u00fcrkiye&#8217;de nadir g\u00f6r\u00fclen bu sertifikay\u0131 ald\u0131k ve s\u00fcrekli olarak yeniledik.<\/p>\n\n\n\n<div class=\"wp-block-pendigital-mini-title pdMiniTitle\">\u0130\u015f sa\u011fl\u0131\u011f\u0131 ve g\u00fcvenli\u011fi<\/div>\n\n\n\n<p>ISO 18001 i\u015f sa\u011fl\u0131\u011f\u0131 ve g\u00fcvenli\u011fi Y\u00f6netimi Sertifikas\u0131, i\u015fyerinde sa\u011fl\u0131k ve g\u00fcvenlikle ilgili riskleri belirlemek, d\u00fczenlemek ve azaltmak i\u00e7in bir \u00e7er\u00e7eve sunan uluslararas\u0131 bir standartt\u0131r. Biz Kurtsan olarak bu sertifikay\u0131 ald\u0131k ve s\u00fcrd\u00fcrd\u00fck. Bu standard\u0131 uygulamaya koyarak, \u015firketimizde \u00e7al\u0131\u015fan sa\u011fl\u0131\u011f\u0131 ve g\u00fcvenli\u011finin en \u00f6nemli \u00f6ncelik oldu\u011fu mesaj\u0131n\u0131 g\u00fc\u00e7lendiriyoruz.<\/p>\n\n\n\n<div class=\"wp-block-pendigital-mini-title pdMiniTitle\">G\u0131da G\u00fcvenli\u011fi Y\u00f6netimi<\/div>\n\n\n\n<p>G\u0131da g\u00fcvenli\u011fi y\u00f6netimi konusunda uzmanla\u015fm\u0131\u015f ISO 22000 Uluslararas\u0131 Standartlar ailesine kat\u0131ld\u0131k. G\u0131da g\u00fcvenli\u011fi tehlikelerinin b\u00fcy\u00fck yans\u0131malar\u0131 olabilece\u011finden ISO&#8217;NUN g\u0131da g\u00fcvenli\u011fi y\u00f6netim standartlar\u0131 bu konuda i\u015fletmeleri g\u0131da g\u00fcvenli\u011fi risklerini belirleme ve y\u00f6netme konusunda g\u00fc\u00e7lendirir. Bir kurulu\u015fun, \u00fcr\u00fcnlerin g\u00fcvenli olmas\u0131n\u0131 garanti alt\u0131na almak ve g\u0131da g\u00fcvenli\u011fine y\u00f6nelik riskleri y\u00f6netebilece\u011fini kan\u0131tlamak i\u00e7in atmas\u0131 gereken ad\u0131mlar\u0131 \u00f6zetlemektedir.<\/p>\n\n\n\n<div class=\"wp-block-pendigital-mini-title pdMiniTitle\">Kalite Y\u00f6netim Sistemi<\/div>\n\n\n\n<p>T\u0131bbi cihaz i\u015fine \u00f6zel bir kalite y\u00f6netim sistemi i\u00e7in standartlar, d\u00fcnya \u00e7ap\u0131nda tan\u0131nan bir standart olan d\u00fczenleyici ama\u00e7lar i\u00e7in kalite y\u00f6netim sistemleri gereksinimleri olan ISO 13485&#8217;te belirlenmi\u015ftir. Bu standard\u0131n gerekliliklerine s\u0131k\u0131 s\u0131k\u0131ya ba\u011fl\u0131y\u0131z ve bunu yapmak i\u00e7in sertifikal\u0131y\u0131z.<\/p>\n\n\n\n<p class=\"has-small-font-size\"><a href=\"https:\/\/www.kurtsan.com\/wp-content\/uploads\/2024\/11\/otaci-belge-1024x724-1.jpg\" target=\"_blank\" rel=\"noreferrer noopener\">KEK03 Kalite Politikas\u0131<\/a><\/p>\n\n\n\n<div class=\"wp-block-pendigital-line pdSeparator\"><\/div>\n\n\n\n<h2 class=\"wp-block-heading\">Bilgi Toplumu Hizmetleri<\/h2>\n\n\n\n<p>KURTSAN \u0130LA\u00c7LARI A.\u015e.<br>Bilgi Toplumu Hizmetleri sayfas\u0131 i\u00e7in <a href=\"https:\/\/www.belgemodul.com\/sirket\/1253\" data-wpel-link=\"ignore\" target=\"_blank\">t\u0131klay\u0131n\u0131z.<\/a><\/p>\n\n\n\n<hr class=\"wp-block-separator has-alpha-channel-opacity\"\/>\n\n\n\n<p>KURTSAN MED\u0130KAL SANAY\u0130 VE T\u0130CARET ANON\u0130M \u015e\u0130RKET\u0130<br>Bilgi Toplumu Hizmetleri sayfas\u0131 i\u00e7in <a href=\"https:\/\/www.belgemodul.com\/sirket\/3772\"   data-wpel-link=\"ignore\" target=\"_blank\" >t\u0131klay\u0131n\u0131z.<\/a><\/p>\n\n\n\n<p><\/p>\n","protected":false},"excerpt":{"rendered":"<p>S\u00fcrd\u00fcr\u00fclebilirlik Kurtsan, 1955&#8217;ten bu yana, gezegenimize ve toplumumuza derinden \u00f6nem verirken insan sa\u011fl\u0131\u011f\u0131na fayda sa\u011flayan sekt\u00f6rler aras\u0131nda s\u00fcrd\u00fcr\u00fclebilir \u00e7\u00f6z\u00fcmler yaratmada liderdir. Sosyal etki, \u00e7e\u015fitlilik, \u00e7evre, etik, y\u00f6netim ve kalitenin alt\u0131 alt kategori Kurtsan&#8217;\u0131n s\u00fcrd\u00fcr\u00fclebilirlik kavram\u0131n\u0131 i\u00e7erir. Sosyal Etki 1993 Y\u0131l\u0131nda kurulan Kurtsan Vakf\u0131, sosyal ve k\u00fclt\u00fcrel ilerlemeyi te\u015fvik ederken, bilim ve sanat\u0131n insanl\u0131\u011f\u0131 y\u00fckseltmek ve [&hellip;]<\/p>\n","protected":false},"author":1,"featured_media":0,"parent":0,"menu_order":0,"comment_status":"closed","ping_status":"closed","template":"","meta":{"footnotes":""},"class_list":["post-1567","page","type-page","status-publish","hentry"],"_links":{"self":[{"href":"https:\/\/www.kurtsan.com\/tr\/wp-json\/wp\/v2\/pages\/1567","targetHints":{"allow":["GET"]}}],"collection":[{"href":"https:\/\/www.kurtsan.com\/tr\/wp-json\/wp\/v2\/pages"}],"about":[{"href":"https:\/\/www.kurtsan.com\/tr\/wp-json\/wp\/v2\/types\/page"}],"author":[{"embeddable":true,"href":"https:\/\/www.kurtsan.com\/tr\/wp-json\/wp\/v2\/users\/1"}],"replies":[{"embeddable":true,"href":"https:\/\/www.kurtsan.com\/tr\/wp-json\/wp\/v2\/comments?post=1567"}],"version-history":[{"count":10,"href":"https:\/\/www.kurtsan.com\/tr\/wp-json\/wp\/v2\/pages\/1567\/revisions"}],"predecessor-version":[{"id":2072,"href":"https:\/\/www.kurtsan.com\/tr\/wp-json\/wp\/v2\/pages\/1567\/revisions\/2072"}],"wp:attachment":[{"href":"https:\/\/www.kurtsan.com\/tr\/wp-json\/wp\/v2\/media?parent=1567"}],"curies":[{"name":"wp","href":"https:\/\/api.w.org\/{rel}","templated":true}]}}