{"id":1597,"date":"2024-05-15T16:48:40","date_gmt":"2024-05-15T13:48:40","guid":{"rendered":"https:\/\/works.pendigital.com\/kurtsan-main\/?page_id=1597"},"modified":"2025-11-05T08:37:12","modified_gmt":"2025-11-05T05:37:12","slug":"kurtsan-ailesi","status":"publish","type":"page","link":"https:\/\/www.kurtsan.com\/tr\/hakkimizda\/kurtsan-ailesi\/","title":{"rendered":"Kurtsan Ailesi"},"content":{"rendered":"\n<p>Niyazi Kurtsan, 1965 y\u0131l\u0131nda Kurtsan \u015eirketler Grubu&#8217;nun temelini atm\u0131\u015ft\u0131r. Niyazi ve Meral Kurtsan\u2019n\u0131n \u00e7ocuklar\u0131 olan Meltem Kurtsan ve Deniz Kurtsan da, eczac\u0131 olarak kariyer yapmay\u0131 tercih etmi\u015flerdir. Niyazi Kurtsan&#8217;dan miras kalan yarat\u0131c\u0131 ve sayg\u0131n marka imaj\u0131, Kurtsan \u015eirketler Grubu&#8217;nun faaliyetlerine devam etmesine olanak sa\u011flarken, aile \u015firketi yap\u0131s\u0131n\u0131n kurumsalla\u015fma s\u00fcrecini de h\u0131zland\u0131rm\u0131\u015ft\u0131r.<\/p>\n\n\n\n<p>Y\u00f6netim Kurulu \u00fcyeleri ile Kurtsan ailesinin \u00fc\u00e7\u00fcnc\u00fc ku\u015fak \u00fcyeleri Kurtsan\u2019\u0131n y\u00f6netimini ger\u00e7ekle\u015ftirmektedir.<\/p>\n\n\n\n<h2 class=\"wp-block-heading\">Niyazi Kurtsan<\/h2>\n\n\n\n<p>25 Temmuz 1925 tarihinde G\u00fcm\u00fclcine&#8217;de do\u011fan Niyazi Kurtsan\u2019\u0131n dedesi Recep A\u011fa, Rumeli \u0130ttihat ve Terakki Cemiyeti\u2019nin kurucular\u0131ndand\u0131. II. D\u00fcnya Sava\u015f\u0131 s\u0131ras\u0131nda annesi, babas\u0131 ve g\u00fcn\u00fcm\u00fcz\u00fcn tan\u0131nm\u0131\u015f<strong>&nbsp;<\/strong>etnologlar\u0131ndan k\u0131z karde\u015fi Sabiha Tansu\u011f ile T\u00fcrkiye&#8217;ye iltica etmi\u015ftir. \u0130lk \u00f6nce Manisa&#8217;n\u0131n Akhisar il\u00e7esine ta\u015f\u0131nan aile, daha sonra da \u0130zmir&#8217;e yerle\u015fmi\u015flerdir. Niyazi Kurtsan, \u00f6ncelikle devlet bursu ile Afyon Lisesi&#8217;nde yat\u0131l\u0131 okumu\u015ftur. Sonra yine devlet bursuyla \u0130stanbul \u00dcniversitesi Eczac\u0131l\u0131k Fak\u00fcltesini bitirmi\u015ftir. Resim sanat\u0131na da ilgi duyan Niyazi Kurtsan, Eczac\u0131l\u0131k Fak\u00fcltesi\u2019nde \u00f6\u011frenciyken bir yandan da G\u00fczel Sanatlar Akademisi\u2019nde ressam Cemal Tollu&#8217;nun at\u00f6lyesine kat\u0131l\u0131m sa\u011flam\u0131\u015ft\u0131r.<\/p>\n\n\n\n<p>Bu zamanlarda, Niyazi Kurtsan, eczac\u0131l\u0131k mesle\u011fini \u00e7ok sevmekte olup, insan sa\u011fl\u0131\u011f\u0131na hizmet edecek yeni \u00fcr\u00fcnler geli\u015ftirmenin \u00f6nemli oldu\u011funu bilmekteydi. 1955 y\u0131l\u0131nda mezun olduktan sonra, Kocamustafapa\u015fa\u2019da G\u00fcne\u015f Eczanesi&#8217;ni a\u00e7m\u0131\u015ft\u0131r. Eczanesi\u2019nin laboratuvar\u0131nda geli\u015ftirdi\u011fi \u00fcr\u00fcnlerle gelecekte kuraca\u011f\u0131 \u015firketin temellerini atm\u0131\u015ft\u0131r. Daha sonra Sirkeci&#8217;deki bir binada Kurtsan Laboratuvarlar\u0131n\u0131 a\u00e7m\u0131\u015ft\u0131r. Ayn\u0131 d\u00f6nemde Sirkeci&#8217;deki B\u00fcy\u00fck Eczane&#8217;ye ta\u015f\u0131nm\u0131\u015ft\u0131r. Hen\u00fcz &#8220;do\u011fal ya\u015fam&#8221; ve &#8220;alternatif t\u0131p&#8221; gibi kavramlar\u0131n hi\u00e7 yayg\u0131n olmad\u0131\u011f\u0131 bir d\u00f6nemde, 1950&#8217;lerin ba\u015f\u0131nda, Eczac\u0131 Niyazi Kurtsan&#8217;\u0131 bitkisel \u00fcr\u00fcnlere y\u00f6nelten \u015fey ise do\u011fan\u0131n iyile\u015ftirici g\u00fcc\u00fcne duydu\u011fu inan\u00e7t\u0131. Bu konudaki duygular\u0131n\u0131 \u015f\u00f6yle aktarm\u0131\u015ft\u0131r: &#8220;K\u00fc\u00e7\u00fckken k\u00f6yde attan d\u00fc\u015f\u00fcp tehlikeli bir yara ald\u0131m. Dedem \u00e7ift\u00e7iydi, beni y\u0131lan b\u0131\u00e7a\u011f\u0131 denen bir bitkinin k\u00f6kleriyle tedavi etti, \u00f6l\u00fcmden d\u00f6nd\u00fcm. O g\u00fcn bug\u00fcn bitkilere hayran\u0131m. \u015eimdi alternatif t\u0131p diyorlar ama bizde as\u0131rlard\u0131r kullan\u0131lan bir y\u00f6ntem. Bunu kendime misyon edindim ve insanlar\u0131 iyile\u015ftirecek \u00fcr\u00fcnler geli\u015ftirirken her zaman do\u011fadan ilham ald\u0131m.&#8221;&nbsp;<\/p>\n\n\n\n<p>Niyazi Kurtsan 1969&#8217;da laboratuvarlar\u0131n\u0131 bir anonim \u015firkete d\u00f6n\u00fc\u015ft\u00fcrm\u00fc\u015f ve eczanenin y\u00f6netimini e\u015fi Eczac\u0131 Meral Kurtsan&#8217;a devretmi\u015ftir. Y\u0131llar i\u00e7inde Kurtsan \u0130la\u00e7lar\u0131 A.\u015e. , Kurtsan Medikal Sanayi ve Ticaret A.\u015e. , Otac\u0131 \u0130la\u00e7 Kozmetik Besin Ticaret A.\u015e. ve Kurmed Uluslararas\u0131 \u0130la\u00e7 ve Kozmetik Ticaret Temsilcilik Dan\u015f. \u0130th. \u0130hr. Pazarlama \u00dcretim Ltd. \u015eti.&#8217; den olu\u015fan Kurtsan \u015eirketler Grubunu yaratm\u0131\u015ft\u0131r. 1980&#8242; de &#8220;Otac\u0131&#8221; (Eski T\u00fcrk\u00e7e&#8217;de eczac\u0131-hekim) markas\u0131n\u0131 olu\u015fturmu\u015ftur. &#8220;Otac\u0131&#8221;, geleneksel tedavi y\u00f6ntemlerini modern ila\u00e7 teknolojisi ile bile\u015ftiren T\u00fcrkiye&#8217;de ilk ve tek olan \u00f6zg\u00fcn bir marka olmu\u015ftur. Kurtsan \u0130la\u00e7lar\u0131 A.\u015e. , Otac\u0131 Bitkisel Pastilleri ile de yerli ila\u00e7ta ilk ila\u00e7 patentlerini alm\u0131\u015ft\u0131r.&nbsp;<\/p>\n\n\n\n<h2 class=\"wp-block-heading\">Ecz. Meral Kurtsan<\/h2>\n\n\n\n<p>1942 y\u0131l\u0131nda \u0130zmir&#8217;de do\u011fan Meral Kurtsan, 1959 y\u0131l\u0131nda \u0130zmir K\u0131z Lisesi&#8217;nden mezun olmu\u015f ve ayn\u0131 y\u0131l Niyazi Kurtsan ile evlenmi\u015ftir. 1971 y\u0131l\u0131nda Eczac\u0131l\u0131k Y\u00fcksek Okulu&#8217;nu bitiren Meral Kurtsan, e\u015fi Niyazi Kurtsan&#8217;\u0131n Sirkeci&#8217;de a\u00e7t\u0131\u011f\u0131 B\u00fcy\u00fck Eczanede \u00e7al\u0131\u015fmaya ba\u015flam\u0131\u015ft\u0131r. Kurtsan \u015eirketler grubunun kurucular\u0131ndan olan Ecz. Meral Kurtsan halen Sirkeci B\u00fcy\u00fck Eczanede fiilen \u00e7al\u0131\u015fmakta ve Kurtsan \u015eirketler grubunda Onursal Y\u00f6netim Kurulu Ba\u015fkanl\u0131\u011f\u0131 g\u00f6revlerini s\u00fcrd\u00fcrmektedir.<\/p>\n\n\n\n<h2 class=\"wp-block-heading\">Uzm. Ecz. Meltem Kurtsan<\/h2>\n\n\n\n<p>\u200bMeltem Kurtsan, eczac\u0131l\u0131k e\u011fitimini \u0130stanbul \u00dcniversitesi Eczac\u0131l\u0131k Fak\u00fcltesi\u2019nde tamamlam\u0131\u015ft\u0131r. 1980\u2019li y\u0131llarda \u00e7al\u0131\u015fmaya ba\u015flad\u0131\u011f\u0131 Otac\u0131 \u2013 Kurtsan \u015eirketler Grubu\u2019nda Ar-Ge, \u00dcretim, Kalite Kontrol B\u00f6l\u00fcmlerindeki g\u00f6revlerinden sonra; 2004 \u2013 2013 y\u0131llar\u0131 aras\u0131nda grubun Y\u00f6netim Kurulu Ba\u015fkanl\u0131\u011f\u0131\u2019n\u0131 y\u00fcr\u00fctm\u00fc\u015ft\u00fcr. 1997- 1999 y\u0131llar\u0131 aras\u0131nda ABD \u2013 Harvard \u00dcniversitesi\u2019nde \u2013 OPM Program\u0131\u2019n\u0131 bitirmi\u015ftir. Ayn\u0131 y\u0131l Davos\u2019ta d\u00fczenlenen D\u00fcnya Ekonomik Forumu\u2019nda (WEF) Gelece\u011fin Global Lideri se\u00e7ilmi\u015ftir. 2002\u2019de faaliyete ge\u00e7en T\u00fcrkiye Kad\u0131n Giri\u015fimciler Derne\u011fi\u2019nin (KAG\u0130DER) Kurucu Ba\u015fkan\u0131\u2019d\u0131r. E\u011fitimine 2009-2010 y\u0131llar\u0131nda \u0130stanbul \u00dcniversitesi Eczac\u0131l\u0131k Fak\u00fcltesi Farmakognozi Ana Bilim Dal\u0131\u2019nda Fitoterapi Y\u00fcksek Lisans Program\u0131 ile devam etmi\u015ftir. 2017 y\u0131l\u0131nda Bezmi\u00e2lem \u00dcniversitesi ve Aromaterapi Derne\u011fi\u2019nin birlikte d\u00fczenledi\u011fi Klinik Aromaterapi E\u011fitimi\u2019ne kat\u0131lm\u0131\u015ft\u0131r. 2018 y\u0131l\u0131nda T.C. Sa\u011fl\u0131k Bakanl\u0131\u011f\u0131\u2019n\u0131n sertifikal\u0131 Homeopati E\u011fitimi\u2019ne kat\u0131lm\u0131\u015ft\u0131r. 2019 y\u0131l\u0131 itibariyle Amerika Aromaterapi Derne\u011fi NAHA\u2019n\u0131n (National Association for Holistic Aromatherapy) b\u00f6lge direkt\u00f6r\u00fc se\u00e7ilmi\u015ftir. Bodrum\u2019da HerbaFarm Akademi ad\u0131n\u0131 verdi\u011fi \u00e7iftli\u011finde organik ya\u015fam ve sa\u011fl\u0131kl\u0131 beslenme konular\u0131nda ara\u015ft\u0131rmalar yapmakta, do\u011fal \u00fcr\u00fcnler ve t\u0131bbi bitkiler yeti\u015ftirmekte ve do\u011fal kozmetikler, aromaterapi, do\u011fal ya\u015fam ve ekoloji gibi konularda e\u011fitimler d\u00fczenlemektedir.<\/p>\n\n\n\n<h2 class=\"wp-block-heading\">Uzm. Ecz. Deniz Kurtsan<\/h2>\n\n\n\n<p>Deniz Kurtsan, 1962 senesinde \u0130stanbul&#8217;da do\u011fmu\u015ftur. 1982 y\u0131l\u0131nda Marmara \u00dcniversitesi Eczac\u0131l\u0131k Fak\u00fcltesi&#8217;nden mezun olduktan sonra, ayn\u0131 y\u0131l \u0130stanbul \u00dcniversitesi \u0130\u015fletme \u0130ktisadi Enstit\u00fcs\u00fc&#8217;nde e\u011fitimini tamamlam\u0131\u015ft\u0131r. Ayn\u0131 okulda y\u0131l\u0131n giri\u015fimcisi \u00f6d\u00fcl\u00fcne lay\u0131k g\u00f6r\u00fclm\u00fc\u015ft\u00fcr. 1983-1984 \u00f6\u011fretim y\u0131l\u0131nda Connecticut \u00dcniversitesi&#8217;nde End\u00fcstriyel Eczac\u0131l\u0131k Y\u00fcksek Lisans e\u011fitimi alm\u0131\u015ft\u0131r. 1995-1996 Eski\u015fehir Anadolu \u00dcniversitesi Eczac\u0131l\u0131k Fak\u00fcltesi&#8217;nde Farmas\u00f6tik Teknoloji y\u00fcksek lisans\u0131n\u0131 tamamlam\u0131\u015ft\u0131r. 1984 &#8211; 2005 y\u0131llar\u0131 aras\u0131nda Kurtsan \u015eirketler grubunda \u00fcst d\u00fczey y\u00f6neticilik ve y\u00f6netim kurulu ba\u015fkanl\u0131klar\u0131 yapm\u0131\u015ft\u0131r. O tarihten itibaren Slow Food Yave\u015f Gari Bodrum Birli\u011fi liderli\u011fine ve sertifikal\u0131 organik \u00e7iftli\u011finde sebze ve sofral\u0131k zeytin \u00fcretimine devam etmektedir.&nbsp;<\/p>\n\n\n\n<h2 class=\"wp-block-heading\">Ali Karatay Karayal\u00e7\u0131n\u200b<\/h2>\n\n\n\n<p>Ali Karatay Karayal\u00e7\u0131n, i\u00e7 Mimarl\u0131k e\u011fitimini Hali\u00e7 \u00dcniversitesi&#8217;nde tamamlam\u0131\u015ft\u0131r. Kurtsan \u0130la\u00e7lar\u0131\u2019n\u0131n \u0130\u015f Geli\u015ftirme Departman\u0131&#8217;nda be\u015f y\u0131l \u00e7al\u0131\u015ft\u0131ktan sonra Bah\u00e7e\u015fehir \u00dcniversitesi&#8217;nde \u0130\u015fletme Y\u00fcksek Lisans\u0131 yapm\u0131\u015ft\u0131r. 2012 y\u0131l\u0131nda New York\u2019ta Enerji Y\u00f6netimi Y\u00fcksek Lisans\u0131n\u0131 tamamlam\u0131\u015ft\u0131r. Daha sonra New York Institute of Aromatheraphy kurumunda e\u011fitim alan Ali Karatay Karayal\u00e7\u0131n, sertifikal\u0131 Aroma terapist olmu\u015ftur. Ali Karatay Karayal\u00e7\u0131n, 2018 y\u0131l\u0131nda, Bal\u0131kesir \u00c7ift\u00e7i E\u011fitim Merkezi&#8217;nde d\u00fczenlenen Mill\u00ee E\u011fitim Bakanl\u0131\u011f\u0131 Sertifikal\u0131 T\u0131bbi ve Aromatik Bitki Yeti\u015ftiricili\u011fi Kursu&#8217;nu tamamlayarak sertifikal\u0131 yeti\u015ftirici olmu\u015ftur.<\/p>\n\n\n\n<h2 class=\"wp-block-heading\">Bengi Kurtcebe<\/h2>\n\n\n\n<p>1985 y\u0131l\u0131nda \u0130stanbul\u2019da do\u011fan Bengi Kurtcebe, Liseyi Robert Koleji&#8217;nde, \u00fcniversiteyi ise Chicago\u2019da okumu\u015ftur. \u0130stanbul\u2019a d\u00f6n\u00fcnce birka\u00e7 sene i\u00e7 mimar olarak \u00e7al\u0131\u015ft\u0131ktan sonra ani bir kararla MSA&#8217;da pastac\u0131l\u0131k e\u011fitimi alarak 2012&#8217;de Le F\u0131r\u0131n\u2019\u0131 kurmu\u015ftur. Bengi Kurtcebe, Le F\u0131r\u0131n\u2019da 10 ki\u015filik ekibi ile her g\u00fcn hem g\u00f6ze hem de dama\u011fa hitap eden de\u011fi\u015fik tatlar haz\u0131rlamaktad\u0131r. 3 boyutlu ger\u00e7ek\u00e7i pastalar\u0131 ve el boyamas\u0131 pasta teknikleri ile sekt\u00f6re yeni bir soluk getirmi\u015ftir<\/p>\n\n\n\n<h2 class=\"wp-block-heading\">Dr. Saltuk Karayal\u00e7\u0131n<\/h2>\n\n\n\n<p>E\u011fitim hayat\u0131na&nbsp;<strong>Cheltenham Koleji<\/strong>\u2019nde ba\u015flayan&nbsp;<strong>Sn. Dr. Saltuk Karayal\u00e7\u0131n<\/strong>, lisans e\u011fitimini&nbsp;<strong>Bournemouth \u00dcniversitesi<\/strong>\u2019nde \u00dcr\u00fcn Tasar\u0131m\u0131 alan\u0131nda tamamlam\u0131\u015ft\u0131r.<br>Y\u00fcksek lisans e\u011fitimini&nbsp;<strong>Londra Ekonomi ve Siyasal Bilimler Okulu\u2019<\/strong>nda Y\u00f6netim alan\u0131nda,&nbsp;<strong>Cenevre \u0130\u015fletme Okulu<\/strong>\u2019nda&nbsp;<strong>\u0130\u015fletme Doktoras\u0131<\/strong>&nbsp;program\u0131n\u0131&nbsp;<strong>\u201c\u00fcst\u00fcn ba\u015far\u0131\u201d&nbsp;<\/strong>derecesiyle tamamlam\u0131\u015ft\u0131r.<\/p>\n\n\n\n<p>Kariyerine&nbsp;<strong>Whirlpool Corporation<\/strong>\u2019da ba\u015flayan Sn. Karayal\u00e7\u0131n, \u0130talya ve T\u00fcrkiye\u2019de yeni \u00fcr\u00fcn geli\u015ftirme, ticari pazarlama ve perakende stratejileri alanlar\u0131nda \u00e7e\u015fitli g\u00f6revlerde bulunmu\u015ftur.<br>Ard\u0131ndan&nbsp;<strong>Ar\u00e7elik<\/strong>\u2019te perakende geli\u015ftirme, ma\u011faza deneyimi y\u00f6netimi, sat\u0131\u015f stratejisi ve uluslararas\u0131 i\u015f geli\u015ftirme alanlar\u0131nda \u00f6nemli roller \u00fcstlenmi\u015f; Ar\u00e7elik\u2019in Avrupa, Afrika, Asya ve Amerika b\u00f6lgelerindeki sat\u0131\u015f stratejilerinin olu\u015fturulmas\u0131na katk\u0131 sa\u011flam\u0131\u015ft\u0131r. 2015 y\u0131l\u0131nda&nbsp;<strong>Kurtsan&nbsp;<\/strong>ailesine kat\u0131lan&nbsp;<strong>Sn. Dr. Karayal\u00e7\u0131n<\/strong>, s\u0131ras\u0131yla&nbsp;<strong>Stratejik Planlama M\u00fcd\u00fcr\u00fc, Stratejik Planlama ve \u0130\u015f Geli\u015ftirme Direkt\u00f6r\u00fc<\/strong>,&nbsp;<strong>Y\u00f6netim Kurulu \u00dcyesi<\/strong>&nbsp;ve&nbsp;<strong>Y\u00f6netim Kurulu Ba\u015fkan Yard\u0131mc\u0131s\u0131<\/strong>&nbsp;olarak g\u00f6rev yapm\u0131\u015ft\u0131r.<br>Ayn\u0131 zamanda&nbsp;<strong>\u0130stanbul K\u00fclt\u00fcr \u00dcniversitesi<\/strong>\u2019nde 2022\u20132024 y\u0131llar\u0131 aras\u0131nda&nbsp;<strong>\u00d6\u011fretim G\u00f6revlisi<\/strong>&nbsp;olarak g\u00f6rev yapm\u0131\u015ft\u0131r.<\/p>\n\n\n\n<p>Operasyon, finans, ara\u015ft\u0131rma-geli\u015ftirme, kalite ve bilgi teknolojileri alanlar\u0131ndaki birikimiyle&nbsp;<strong>Kurtsan\u2019\u0131n \u00fcretim ve end\u00fcstriyel s\u00fcre\u00e7lerini g\u00fc\u00e7lendirmeyi<\/strong>&nbsp;hedeflemekte, Ekim 2025 itibar\u0131 ile&nbsp;<strong>End\u00fcstriyel Operasyonlardan Sorumlu Genel M\u00fcd\u00fcr<\/strong>&nbsp;olarak g\u00f6rev almaktad\u0131r.<\/p>\n\n\n\n<p><\/p>\n\n\n\n<h2 class=\"wp-block-heading\">Duygu Nahum<\/h2>\n\n\n\n<p>E\u011fitim hayat\u0131na <strong>Robert Koleji<\/strong>\u2019nde ba\u015flayan <strong>Sn. Duygu Nahum<\/strong>, lisans e\u011fitimini <strong>Virginia \u00dcniversitesi<\/strong>\u2019nde Ekonomi alan\u0131nda tamamlam\u0131\u015ft\u0131r.<\/p>\n\n\n\n<p>Sn. Duygu Nahum, mezuniyetinin ard\u0131ndan New York\u2019ta reklam ajans\u0131nda Microsoft, Ford, Walgreens ve Amazon gibi m\u00fc\u015fterilere hizmet vermi\u015ftir. &nbsp;Kariyerine <strong>Reckitt Benckiser\u2019<\/strong>de eczane kanal\u0131 t\u00fcketici sa\u011fl\u0131\u011f\u0131 ile devam etmi\u015f, akabinde <strong>The Coca-Cola Company\u2019<\/strong>de Coca-Cola, Coca-Cola Zero, Fanta, Sprite, Schweppes gibi markalar\u0131n \u00f6nce T\u00fcrkiye daha sonra Orta Asya\u2019daki marka y\u00f6netimi s\u00fcre\u00e7lerinde g\u00f6rev alm\u0131\u015ft\u0131r.<br>Pazarlama, sat\u0131\u015f, marka stratejisi ve i\u015f geli\u015ftirme alanlar\u0131nda edindi\u011fi uluslararas\u0131 deneyimin ard\u0131ndan 2017 y\u0131l\u0131nda <strong>Kurtsan<\/strong>&nbsp;b\u00fcnyesine kat\u0131lm\u0131\u015ft\u0131r.<br>Kurtsan \u015eirketler Grubu\u2019nda s\u0131ras\u0131yla <strong>Otac\u0131 Pazarlama M\u00fcd\u00fcr\u00fc<\/strong>, <strong>Kurtsan Pazarlama Grup Direkt\u00f6r\u00fc<\/strong>, <strong>Y\u00f6netim Kurulu \u00dcyesi ve Y\u00f6netim Kurulu Ba\u015fkan Yard\u0131mc\u0131s\u0131<\/strong>&nbsp;olarak g\u00f6rev yapan Sn. Nahum, sat\u0131\u015f, pazarlama, insan kaynaklar\u0131 ve i\u015f geli\u015ftirme alanlar\u0131ndaki liderlik deneyimiyle organizasyonun ticari faaliyetlerini gelece\u011fe ta\u015f\u0131mada \u00f6nemli bir rol \u00fcstlenmi\u015f olup, Ekim 2025 itibar\u0131 ile <strong>Ticari Operasyonlardan Sorumlu Genel M\u00fcd\u00fcr<\/strong>&nbsp;olarak g\u00f6rev almaktad\u0131r.<\/p>\n","protected":false},"excerpt":{"rendered":"<p>Niyazi Kurtsan, 1965 y\u0131l\u0131nda Kurtsan \u015eirketler Grubu&#8217;nun temelini atm\u0131\u015ft\u0131r. Niyazi ve Meral Kurtsan\u2019n\u0131n \u00e7ocuklar\u0131 olan Meltem Kurtsan ve Deniz Kurtsan da, eczac\u0131 olarak kariyer yapmay\u0131 tercih etmi\u015flerdir. Niyazi Kurtsan&#8217;dan miras kalan yarat\u0131c\u0131 ve sayg\u0131n marka imaj\u0131, Kurtsan \u015eirketler Grubu&#8217;nun faaliyetlerine devam etmesine olanak sa\u011flarken, aile \u015firketi yap\u0131s\u0131n\u0131n kurumsalla\u015fma s\u00fcrecini de h\u0131zland\u0131rm\u0131\u015ft\u0131r. Y\u00f6netim Kurulu \u00fcyeleri ile [&hellip;]<\/p>\n","protected":false},"author":1,"featured_media":1100,"parent":1627,"menu_order":0,"comment_status":"closed","ping_status":"closed","template":"","meta":{"footnotes":""},"class_list":["post-1597","page","type-page","status-publish","has-post-thumbnail","hentry"],"_links":{"self":[{"href":"https:\/\/www.kurtsan.com\/tr\/wp-json\/wp\/v2\/pages\/1597","targetHints":{"allow":["GET"]}}],"collection":[{"href":"https:\/\/www.kurtsan.com\/tr\/wp-json\/wp\/v2\/pages"}],"about":[{"href":"https:\/\/www.kurtsan.com\/tr\/wp-json\/wp\/v2\/types\/page"}],"author":[{"embeddable":true,"href":"https:\/\/www.kurtsan.com\/tr\/wp-json\/wp\/v2\/users\/1"}],"replies":[{"embeddable":true,"href":"https:\/\/www.kurtsan.com\/tr\/wp-json\/wp\/v2\/comments?post=1597"}],"version-history":[{"count":9,"href":"https:\/\/www.kurtsan.com\/tr\/wp-json\/wp\/v2\/pages\/1597\/revisions"}],"predecessor-version":[{"id":2055,"href":"https:\/\/www.kurtsan.com\/tr\/wp-json\/wp\/v2\/pages\/1597\/revisions\/2055"}],"up":[{"embeddable":true,"href":"https:\/\/www.kurtsan.com\/tr\/wp-json\/wp\/v2\/pages\/1627"}],"wp:featuredmedia":[{"embeddable":true,"href":"https:\/\/www.kurtsan.com\/tr\/wp-json\/wp\/v2\/media\/1100"}],"wp:attachment":[{"href":"https:\/\/www.kurtsan.com\/tr\/wp-json\/wp\/v2\/media?parent=1597"}],"curies":[{"name":"wp","href":"https:\/\/api.w.org\/{rel}","templated":true}]}}